{"id":1293,"date":"2020-12-22T15:51:37","date_gmt":"2020-12-22T18:51:37","guid":{"rendered":"https:\/\/observadorserrano.com.ar\/?page_id=1293"},"modified":"2020-12-22T15:55:15","modified_gmt":"2020-12-22T18:55:15","slug":"ediciones-impresas-2","status":"publish","type":"page","link":"https:\/\/observadorserrano.com.ar\/?page_id=1293","title":{"rendered":"Ediciones Impresas"},"content":{"rendered":"<div class=\"pf-content\"><p>[vc_row][vc_column][vc_wp_text]<\/p>\n<h3>Listado de ediciones impresas de Observador Serrano<\/h3>\n<p>Haga click en el t\u00edtulo de la edici\u00f3n para poder visualizarla en su PC, Tel\u00e9fono o Tablet. Tambi\u00e9n puede descargarla.[\/vc_wp_text]<div  class=\"jeg_postblock_29 jeg_postblock jeg_module_hook jeg_pagination_scrollload jeg_col_2o3 jnews_module__0_6a0320f8000ca   \" data-unique=\"jnews_module__0_6a0320f8000ca\">\n                \n                <div class=\"jeg_block_container\">\n                \n                <div class=\"jeg_posts \">\n                <div class=\"jeg_postsmall jeg_load_more_flag\">\n                    <article class=\"jeg_post jeg_pl_xs format-standard\">\n                <div class=\"jeg_postblock_content\">\n                    <h3 class=\"jeg_post_title\">\n                        <a href=\"https:\/\/observadorserrano.com.ar\/?p=11767\">Observador Serrano &#8211; edici\u00f3n impresa &#8211; versi\u00f3n PDF.<\/a>\n                    <\/h3>\n                    \n                <\/div>\n            <\/article><article class=\"jeg_post jeg_pl_xs format-standard\">\n                <div class=\"jeg_postblock_content\">\n                    <h3 class=\"jeg_post_title\">\n                        <a href=\"https:\/\/observadorserrano.com.ar\/?p=11757\">Observador Serrano &#8211; edici\u00f3n impresa &#8211; versi\u00f3n digital<\/a>\n                    <\/h3>\n                    \n                <\/div>\n            <\/article><article class=\"jeg_post jeg_pl_xs format-standard\">\n                <div class=\"jeg_postblock_content\">\n                    <h3 class=\"jeg_post_title\">\n                        <a href=\"https:\/\/observadorserrano.com.ar\/?p=11750\">Observador Serrano edici\u00f3n impresa &#8211; versi\u00f3n PDF.<\/a>\n                    <\/h3>\n                    \n                <\/div>\n            <\/article><article class=\"jeg_post jeg_pl_xs format-standard\">\n                <div class=\"jeg_postblock_content\">\n                    <h3 class=\"jeg_post_title\">\n                        <a href=\"https:\/\/observadorserrano.com.ar\/?p=11722\">Observador Serrano edici\u00f3n impresa &#8211; versi\u00f3n PDF.<\/a>\n                    <\/h3>\n                    \n                <\/div>\n            <\/article><article class=\"jeg_post jeg_pl_xs format-standard\">\n                <div class=\"jeg_postblock_content\">\n                    <h3 class=\"jeg_post_title\">\n                        <a href=\"https:\/\/observadorserrano.com.ar\/?p=11703\">Observador Serrano 1807 &#8211;  Edici\u00f3n impresa &#8211; versi\u00f3n PDF.<\/a>\n                    <\/h3>\n                    \n                <\/div>\n            <\/article><article class=\"jeg_post jeg_pl_xs format-standard\">\n                <div class=\"jeg_postblock_content\">\n                    <h3 class=\"jeg_post_title\">\n                        <a href=\"https:\/\/observadorserrano.com.ar\/?p=11691\">Observador Serrano . edici\u00f3n impresa &#8211; Versi\u00f3n digital<\/a>\n                    <\/h3>\n                    \n                <\/div>\n            <\/article><article class=\"jeg_post jeg_pl_xs format-standard\">\n                <div class=\"jeg_postblock_content\">\n                    <h3 class=\"jeg_post_title\">\n                        <a href=\"https:\/\/observadorserrano.com.ar\/?p=11684\">Observador Serrano 1805 &#8211; Edici\u00f3n impresa &#8211; versi\u00f3n PDF.<\/a>\n                    <\/h3>\n                    \n                <\/div>\n            <\/article><article class=\"jeg_post jeg_pl_xs format-standard\">\n                <div class=\"jeg_postblock_content\">\n                    <h3 class=\"jeg_post_title\">\n                        <a href=\"https:\/\/observadorserrano.com.ar\/?p=11647\">Observador Serrano N\u00ba1804 &#8211; edici\u00f3n impresa &#8211; versi\u00f3n digital<\/a>\n                    <\/h3>\n                    \n                <\/div>\n            <\/article><article class=\"jeg_post jeg_pl_xs format-standard\">\n                <div class=\"jeg_postblock_content\">\n                    <h3 class=\"jeg_post_title\">\n                        <a href=\"https:\/\/observadorserrano.com.ar\/?p=11615\">Observador Serrano N\u00ba1803 &#8211; edici\u00f3n impresa versi\u00f3n PDF.<\/a>\n                    <\/h3>\n                    \n                <\/div>\n            <\/article><article class=\"jeg_post jeg_pl_xs format-standard\">\n                <div class=\"jeg_postblock_content\">\n                    <h3 class=\"jeg_post_title\">\n                        <a href=\"https:\/\/observadorserrano.com.ar\/?p=11610\">Observador serrano 1802 &#8211; Edici\u00f3n impresa &#8211; versi\u00f3n PDF<\/a>\n                    <\/h3>\n                    \n                <\/div>\n            <\/article><article class=\"jeg_post jeg_pl_xs format-standard\">\n                <div class=\"jeg_postblock_content\">\n                    <h3 class=\"jeg_post_title\">\n                        <a href=\"https:\/\/observadorserrano.com.ar\/?p=11598\">Observador Serrano 1801 &#8211; edici\u00f3n impresa &#8211; versi\u00f3n digital<\/a>\n                    <\/h3>\n                    \n                <\/div>\n            <\/article><article class=\"jeg_post jeg_pl_xs format-standard\">\n                <div class=\"jeg_postblock_content\">\n                    <h3 class=\"jeg_post_title\">\n                        <a href=\"https:\/\/observadorserrano.com.ar\/?p=11593\">Observador Serrano edici\u00f3n impresa 1800 &#8211; versi\u00f3n PDF<\/a>\n                    <\/h3>\n                    \n                <\/div>\n            <\/article>\n                <\/div>\n            <\/div>\n                <div class='module-overlay'>\n                <div class='preloader_type preloader_dot'>\n                    <div class=\"module-preloader jeg_preloader dot\">\n                        <span><\/span><span><\/span><span><\/span>\n                    <\/div>\n                    <div class=\"module-preloader jeg_preloader circle\">\n                        <div class=\"jnews_preloader_circle_outer\">\n                            <div class=\"jnews_preloader_circle_inner\"><\/div>\n                        <\/div>\n                    <\/div>\n                    <div class=\"module-preloader jeg_preloader square\">\n                        <div class=\"jeg_square\"><div class=\"jeg_square_inner\"><\/div><\/div>\n                    <\/div>\n                <\/div>\n            <\/div>\n            <\/div>\n            <div class=\"jeg_block_navigation\">\n                <div class='navigation_overlay'><div class='module-preloader jeg_preloader'><span><\/span><span><\/span><span><\/span><\/div><\/div>\n                <div class=\"jeg_block_loadmore \">\n                    <a href=\"#\" class='' data-load='Cargar M\u00e1s' data-loading='Cargando...'> Cargar M\u00e1s<\/a>\n                <\/div>\n                \n            <\/div>\n                \n                <script>var jnews_module__0_6a0320f8000ca = {\"header_icon\":\"\",\"first_title\":\"\",\"second_title\":\"\",\"url\":\"\",\"header_type\":\"heading_6\",\"header_background\":\"\",\"header_secondary_background\":\"\",\"header_text_color\":\"\",\"header_line_color\":\"\",\"header_accent_color\":\"\",\"header_filter_category\":\"\",\"header_filter_author\":\"\",\"header_filter_tag\":\"\",\"header_filter_text\":\"All\",\"post_type\":\"post\",\"content_type\":\"all\",\"number_post\":\"12\",\"post_offset\":\"0\",\"unique_content\":\"disable\",\"include_post\":\"\",\"exclude_post\":\"\",\"include_category\":\"295\",\"exclude_category\":\"\",\"include_author\":\"\",\"include_tag\":\"\",\"exclude_tag\":\"\",\"post_tag\":\"\",\"wpdmcategory\":\"\",\"advert_category\":\"\",\"sort_by\":\"latest\",\"show_date\":\"\",\"date_format\":\"default\",\"date_format_custom\":\"Y\\\/m\\\/d\",\"pagination_mode\":\"scrollload\",\"pagination_nextprev_showtext\":\"\",\"pagination_number_post\":\"12\",\"pagination_scroll_limit\":\"0\",\"ads_type\":\"disable\",\"ads_position\":1,\"ads_random\":\"\",\"ads_image\":\"\",\"ads_image_tablet\":\"\",\"ads_image_phone\":\"\",\"ads_image_link\":\"\",\"ads_image_alt\":\"\",\"ads_image_new_tab\":\"\",\"google_publisher_id\":\"\",\"google_slot_id\":\"\",\"google_desktop\":\"auto\",\"google_tab\":\"auto\",\"google_phone\":\"auto\",\"content\":\"\",\"ads_bottom_text\":\"\",\"show_border\":\"\",\"el_id\":\"\",\"el_class\":\"\",\"scheme\":\"\",\"column_width\":\"auto\",\"title_color\":\"\",\"accent_color\":\"\",\"alt_color\":\"\",\"excerpt_color\":\"\",\"css\":\"\",\"compatible_column_notice\":\"\",\"paged\":1,\"column_class\":\"jeg_col_2o3\",\"class\":\"jnews_block_29\"};<\/script>\n            <\/div>[\/vc_column][\/vc_row]<\/p>\n<\/div>","protected":false},"excerpt":{"rendered":"<p>[vc_row][vc_column][vc_wp_text] Listado de ediciones impresas de Observador Serrano Haga click en el t\u00edtulo de la edici\u00f3n para poder visualizarla en su PC, Tel\u00e9fono o Tablet. Tambi\u00e9n puede descargarla.[\/vc_wp_text][\/vc_column][\/vc_row]<\/p>\n","protected":false},"author":1,"featured_media":0,"parent":0,"menu_order":0,"comment_status":"closed","ping_status":"closed","template":"","meta":[],"_links":{"self":[{"href":"https:\/\/observadorserrano.com.ar\/index.php?rest_route=\/wp\/v2\/pages\/1293"}],"collection":[{"href":"https:\/\/observadorserrano.com.ar\/index.php?rest_route=\/wp\/v2\/pages"}],"about":[{"href":"https:\/\/observadorserrano.com.ar\/index.php?rest_route=\/wp\/v2\/types\/page"}],"author":[{"embeddable":true,"href":"https:\/\/observadorserrano.com.ar\/index.php?rest_route=\/wp\/v2\/users\/1"}],"replies":[{"embeddable":true,"href":"https:\/\/observadorserrano.com.ar\/index.php?rest_route=%2Fwp%2Fv2%2Fcomments&post=1293"}],"version-history":[{"count":3,"href":"https:\/\/observadorserrano.com.ar\/index.php?rest_route=\/wp\/v2\/pages\/1293\/revisions"}],"predecessor-version":[{"id":1296,"href":"https:\/\/observadorserrano.com.ar\/index.php?rest_route=\/wp\/v2\/pages\/1293\/revisions\/1296"}],"wp:attachment":[{"href":"https:\/\/observadorserrano.com.ar\/index.php?rest_route=%2Fwp%2Fv2%2Fmedia&parent=1293"}],"curies":[{"name":"wp","href":"https:\/\/api.w.org\/{rel}","templated":true}]}}